{"id":2,"date":"2022-01-19T10:40:50","date_gmt":"2022-01-19T09:40:50","guid":{"rendered":"https:\/\/hotelsablebleu.com\/?page_id=2"},"modified":"2026-03-07T12:00:41","modified_gmt":"2026-03-07T11:00:41","slug":"boutique-hotel-4-etoiles-martinique","status":"publish","type":"page","link":"https:\/\/magari.fr\/fr\/","title":{"rendered":"Accueil"},"content":{"rendered":"","protected":false},"excerpt":{"rendered":"","protected":false},"author":1,"featured_media":0,"parent":0,"menu_order":1,"comment_status":"closed","ping_status":"closed","template":"","meta":{"_seopress_robots_primary_cat":"","_seopress_titles_title":"~ Magari | Restaurant Uz\u00e8s avec Terrasse","_seopress_titles_desc":"Site Officiel \u2705 Au c\u0153ur d'Uz\u00e8s, d\u00e9couvrez notre restaurant avec sa terrasse ext\u00e9rieure et sa cuisine aux saveurs de l'Italie. R\u00e9servez sur notre site.","_seopress_robots_index":"","inline_featured_image":false,"footnotes":""},"class_list":["post-2","page","type-page","status-publish","hentry"],"acf":[],"_links":{"self":[{"href":"https:\/\/magari.fr\/fr\/wp-json\/wp\/v2\/pages\/2","targetHints":{"allow":["GET"]}}],"collection":[{"href":"https:\/\/magari.fr\/fr\/wp-json\/wp\/v2\/pages"}],"about":[{"href":"https:\/\/magari.fr\/fr\/wp-json\/wp\/v2\/types\/page"}],"author":[{"embeddable":true,"href":"https:\/\/magari.fr\/fr\/wp-json\/wp\/v2\/users\/1"}],"replies":[{"embeddable":true,"href":"https:\/\/magari.fr\/fr\/wp-json\/wp\/v2\/comments?post=2"}],"version-history":[{"count":10,"href":"https:\/\/magari.fr\/fr\/wp-json\/wp\/v2\/pages\/2\/revisions"}],"predecessor-version":[{"id":1406,"href":"https:\/\/magari.fr\/fr\/wp-json\/wp\/v2\/pages\/2\/revisions\/1406"}],"wp:attachment":[{"href":"https:\/\/magari.fr\/fr\/wp-json\/wp\/v2\/media?parent=2"}],"curies":[{"name":"wp","href":"https:\/\/api.w.org\/{rel}","templated":true}]}}