{"id":885,"date":"2022-01-19T10:40:50","date_gmt":"2022-01-19T09:40:50","guid":{"rendered":"https:\/\/precom.magari.diadao.dev\/boutique-hotel-4-etoiles-martinique\/"},"modified":"2025-10-16T16:57:48","modified_gmt":"2025-10-16T14:57:48","slug":"home","status":"publish","type":"page","link":"https:\/\/magari.fr\/en\/","title":{"rendered":"home"},"content":{"rendered":"","protected":false},"excerpt":{"rendered":"","protected":false},"author":1,"featured_media":0,"parent":0,"menu_order":1,"comment_status":"closed","ping_status":"closed","template":"","meta":{"_seopress_robots_primary_cat":"","_seopress_titles_title":"~ Magari | Restaurant Uz\u00e8s avec Terrasse","_seopress_titles_desc":"Site Officiel \u2705 Au c\u0153ur d&#039;Uz\u00e8s, d\u00e9couvrez notre restaurant avec sa terrasse ext\u00e9rieure et sa cuisine aux saveurs de l&#039;Italie. R\u00e9servez sur notre site.\r\n","_seopress_robots_index":"","inline_featured_image":false,"footnotes":""},"class_list":["post-885","page","type-page","status-publish","hentry"],"acf":[],"_links":{"self":[{"href":"https:\/\/magari.fr\/en\/wp-json\/wp\/v2\/pages\/885","targetHints":{"allow":["GET"]}}],"collection":[{"href":"https:\/\/magari.fr\/en\/wp-json\/wp\/v2\/pages"}],"about":[{"href":"https:\/\/magari.fr\/en\/wp-json\/wp\/v2\/types\/page"}],"author":[{"embeddable":true,"href":"https:\/\/magari.fr\/en\/wp-json\/wp\/v2\/users\/1"}],"replies":[{"embeddable":true,"href":"https:\/\/magari.fr\/en\/wp-json\/wp\/v2\/comments?post=885"}],"version-history":[{"count":96,"href":"https:\/\/magari.fr\/en\/wp-json\/wp\/v2\/pages\/885\/revisions"}],"predecessor-version":[{"id":1358,"href":"https:\/\/magari.fr\/en\/wp-json\/wp\/v2\/pages\/885\/revisions\/1358"}],"wp:attachment":[{"href":"https:\/\/magari.fr\/en\/wp-json\/wp\/v2\/media?parent=885"}],"curies":[{"name":"wp","href":"https:\/\/api.w.org\/{rel}","templated":true}]}}